{"id":156,"date":"2025-08-07T06:09:46","date_gmt":"2025-08-07T06:09:46","guid":{"rendered":"https:\/\/egosari.com\/faq\/"},"modified":"2025-08-18T14:03:11","modified_gmt":"2025-08-18T14:03:11","slug":"faq","status":"publish","type":"page","link":"https:\/\/egosari.com\/fr\/faq\/","title":{"rendered":"FAQ"},"content":{"rendered":"\n<h2 class=\"wp-block-heading has-text-color has-link-color wp-elements-91be09b500dfc03161ea9a12ceac5aa9\" style=\"color:#3f713e\">Questions fr\u00e9quentes<\/h2>\n\n<p><strong>QUEL EST LE MENU\/LA CARTE QUE VOUS PROPOSEZ ?<\/strong><\/p>\n\n<p>Nous \u00e9laborons une cuisine basque traditionnelle avec les poissons, l\u00e9gumes et viandes de chaque saison, que nous achetons quotidiennement directement aupr\u00e8s de nos fournisseurs de confiance sur les march\u00e9s de Saint-S\u00e9bastien.<br\/><br\/> Afin de personnaliser votre menu et de vous faire profiter au maximum de l\u2019exp\u00e9rience, il est important, au moment de la r\u00e9servation, de nous indiquer toute allergie, intol\u00e9rance ou aliment que vous n\u2019appr\u00e9ciez pas.<\/p>\n\n<p><strong>COMMENT PUIS-JE EFFECTUER UNE R\u00c9SERVATION AU BAR-RESTAURANT EGOSARI ?<\/strong><\/p>\n\n<p>Vous pouvez r\u00e9server directement sur notre site web www.egosari.com, dans la section r\u00e9servations, en suivant les \u00e9tapes indiqu\u00e9es.<br\/><br\/> Si la date souhait\u00e9e n\u2019est pas disponible, vous pouvez vous inscrire sur liste d\u2019attente. <a href=\"mailto:reservas@egosari.com\"><strong>Pour des occasions sp\u00e9ciales, vous pouvez \u00e9galement nous \u00e9crire \u00e0 reservas@egosari.com<\/strong><\/a>.<\/p>\n\n<p><strong>VAIS-JE \u00caTRE CONTACT\u00c9 PAR LE BAR-RESTAURANT EGOSARI LORSQUE JE FAIS UNE R\u00c9SERVATION ?<\/strong><\/p>\n\n<p>Lors de votre r\u00e9servation, vous recevrez un e-mail de confirmation. Si vous ne recevez pas ce courriel, nous vous prions de nous contacter \u00e0 l\u2019adresse suivante : <a href=\"mailto:reservas@egosari.com\"><strong>reservas@egosari.com<\/strong><\/a>.<\/p>\n\n<p><strong>QUELLE EST LA POLITIQUE D\u2019ANNULATION DES R\u00c9SERVATIONS ?<\/strong><\/p>\n\n<p>Les annulations doivent \u00eatre effectu\u00e9es par e-mail \u00e0 <a href=\"mailto:reservas@egosari.com\"><strong>reservas@egosari.com,<\/strong><\/a> dans un d\u00e9lai de 24 heures conform\u00e9ment \u00e0 notre politique d\u2019annulation.<\/p>\n\n<p>Les groupes de 8 personnes ou plus devront convenir d\u2019un menu \u00e0 l\u2019avance.<\/p>\n\n<p>En cas de modification ou d\u2019annulation hors d\u00e9lai, nous nous r\u00e9servons le droit de facturer une p\u00e9nalit\u00e9 de 25 \u20ac par personne.<\/p>\n\n<p>De m\u00eame, si vous effectuez une r\u00e9servation et que vous ne vous pr\u00e9sentez pas, nous nous r\u00e9servons le droit d\u2019appliquer une p\u00e9nalit\u00e9 de 25 \u20ac par personne.<\/p>\n\n<p><strong>COMMENT PUIS-JE R\u00c9SERVER POUR UN GROUPE ?<\/strong><\/p>\n\n<p>Pour r\u00e9server un groupe, veuillez nous contacter par e-mail \u00e0<a href=\"mailto:reservas@egosari.com\"><strong> reservas@egosari.com<\/strong><\/a>. Nous vous fournirons toutes les informations n\u00e9cessaires ainsi que la disponibilit\u00e9 du restaurant.<\/p>\n\n<p><strong>QUELS SONT LES HORAIRES D\u2019OUVERTURE D\u2019EGOSARI ?<\/strong><\/p>\n\n<p>Notre restaurant est ouvert du VENDREDI AU LUNDI :<br\/>D\u00e9jeuner : de 12h30 \u00e0 15h00<br\/>D\u00eener : de 19h30 \u00e0 22h00 Le bar \u00e0 pintxos est ouvert de 12h00 \u00e0 16h00 et de 19h00 \u00e0 23h00.<\/p>\n\n<p><strong>O\u00d9 SE TROUVE EGOSARI ?<\/strong><\/p>\n\n<p>EGOSARI est situ\u00e9 au 15, Ferm\u00edn Calbet\u00f3n. Nous ne disposons pas de parking priv\u00e9, mais \u00e0 100 m\u00e8tres se trouve un parking public : Parking du Boulevard.<\/p>\n\n<p><strong>QUE SE PASSE-T-IL SI UN CLIENT A UNE ALLERGIE OU UNE INTOL\u00c9RANCE ?<\/strong><\/p>\n\n<p>Notre menu est compos\u00e9 de produits frais et de saison. Para nosotros es de suma importancia que si poseen alguna alergia o intolerancia alimentaria nos lo hagan saber con la mayor antelaci\u00f3n posible. Sans cela, nous ne pouvons garantir que nous pourrons adapter notre carte \u00e0 vos besoins. Vous pouvez nous \u00e9crire \u00e0 <a href=\"mailto:reservas@egosari.com\"><strong>reservas@egosari.com<\/strong><\/a> pour toute information.<\/p>\n\n<p><strong>Y A-T-IL DES EXIGENCES EN MATI\u00c8RE DE TENUE VESTIMENTAIRE ?<\/strong><\/p>\n\n<p>Nous demandons \u00e0 nos clients d\u2019\u00eatre ponctuels afin de profiter pleinement de l\u2019exp\u00e9rience. Veuillez noter qu\u2019un retard de plus de 15 minutes sans nous pr\u00e9venir sera consid\u00e9r\u00e9 comme une absence.<\/p>\n\n<p><strong>QUELS SONT LES MOYENS DE PAIEMENT ACCEPT\u00c9S ?<\/strong><\/p>\n\n<p>Chez EGOSARI, nous acceptons les cartes de cr\u00e9dit\/d\u00e9bit : Visa, MasterCard et American Express. Nous acceptons \u00e9galement les paiements en esp\u00e8ces (euros).<\/p>\n\n<p><strong>LES ENFANTS SONT-ILS ACCEPT\u00c9S AU RESTAURANT ?<\/strong><\/p>\n\n<p>Les enfants sont les bienvenus chez EGOSARI. En plus de notre carte, nous proposons des options adapt\u00e9es aux enfants (\u00e0 pr\u00e9ciser lors de la r\u00e9servation). Des chaises hautes sont \u00e9galement disponibles.<\/p>\n\n<p><strong>JE SUIS JOURNALISTE ET SOUHAITE VOUS CONTACTER<\/strong><\/p>\n\n<p>Nous vous remercions de nous contacter par e-mail \u00e0 <a href=\"mailto:info@egosari.com\"><strong>info@egosari.com<\/strong><\/a>.<\/p>\n\n<p><strong>COMMENT PUIS-JE OBTENIR VOS INFORMATIONS L\u00c9GALES ?<\/strong><\/p>\n\n<p>EGOSARI NG S.L.<br\/>CIF : B75935809<br\/>Zubieta Kalea, 14 bajo<br\/>Donostia \u2013 Saint-S\u00e9bastien (20007)<br\/>Gipuzkoa, Espagne Espagne<\/p>\n","protected":false},"excerpt":{"rendered":"<p>Questions fr\u00e9quentes QUEL EST LE MENU\/LA CARTE QUE VOUS PROPOSEZ ? Nous \u00e9laborons une cuisine basque traditionnelle avec les poissons, [&hellip;]<\/p>\n","protected":false},"author":1,"featured_media":0,"parent":0,"menu_order":0,"comment_status":"closed","ping_status":"closed","template":"","meta":{"site-sidebar-layout":"default","site-content-layout":"","ast-site-content-layout":"default","site-content-style":"default","site-sidebar-style":"default","ast-global-header-display":"","ast-banner-title-visibility":"","ast-main-header-display":"","ast-hfb-above-header-display":"","ast-hfb-below-header-display":"","ast-hfb-mobile-header-display":"","site-post-title":"disabled","ast-breadcrumbs-content":"","ast-featured-img":"","footer-sml-layout":"","theme-transparent-header-meta":"disabled","adv-header-id-meta":"","stick-header-meta":"","header-above-stick-meta":"","header-main-stick-meta":"","header-below-stick-meta":"","astra-migrate-meta-layouts":"default","ast-page-background-enabled":"default","ast-page-background-meta":{"desktop":{"background-color":"var(--ast-global-color-5)","background-image":"","background-repeat":"repeat","background-position":"center center","background-size":"auto","background-attachment":"scroll","background-type":"","background-media":"","overlay-type":"","overlay-color":"","overlay-opacity":"","overlay-gradient":""},"tablet":{"background-color":"","background-image":"","background-repeat":"repeat","background-position":"center center","background-size":"auto","background-attachment":"scroll","background-type":"","background-media":"","overlay-type":"","overlay-color":"","overlay-opacity":"","overlay-gradient":""},"mobile":{"background-color":"","background-image":"","background-repeat":"repeat","background-position":"center center","background-size":"auto","background-attachment":"scroll","background-type":"","background-media":"","overlay-type":"","overlay-color":"","overlay-opacity":"","overlay-gradient":""}},"ast-content-background-meta":{"desktop":{"background-color":"var(--ast-global-color-4)","background-image":"","background-repeat":"repeat","background-position":"center center","background-size":"auto","background-attachment":"scroll","background-type":"","background-media":"","overlay-type":"","overlay-color":"","overlay-opacity":"","overlay-gradient":""},"tablet":{"background-color":"var(--ast-global-color-4)","background-image":"","background-repeat":"repeat","background-position":"center center","background-size":"auto","background-attachment":"scroll","background-type":"","background-media":"","overlay-type":"","overlay-color":"","overlay-opacity":"","overlay-gradient":""},"mobile":{"background-color":"var(--ast-global-color-4)","background-image":"","background-repeat":"repeat","background-position":"center center","background-size":"auto","background-attachment":"scroll","background-type":"","background-media":"","overlay-type":"","overlay-color":"","overlay-opacity":"","overlay-gradient":""}},"footnotes":""},"class_list":["post-156","page","type-page","status-publish","hentry"],"yoast_head":"<!-- This site is optimized with the Yoast SEO plugin v25.6 - https:\/\/yoast.com\/wordpress\/plugins\/seo\/ -->\n<title>FAQ - Egosari Restaurante Parte Vieja Donostia<\/title>\n<meta name=\"robots\" content=\"index, follow, max-snippet:-1, max-image-preview:large, max-video-preview:-1\" \/>\n<link rel=\"canonical\" href=\"https:\/\/egosari.com\/fr\/faq\/\" \/>\n<meta property=\"og:locale\" content=\"fr_FR\" \/>\n<meta property=\"og:type\" content=\"article\" \/>\n<meta property=\"og:title\" content=\"FAQ - Egosari Restaurante Parte Vieja Donostia\" \/>\n<meta property=\"og:description\" content=\"Questions fr\u00e9quentes QUEL EST LE MENU\/LA CARTE QUE VOUS PROPOSEZ ? Nous \u00e9laborons une cuisine basque traditionnelle avec les poissons, [&hellip;]\" \/>\n<meta property=\"og:url\" content=\"https:\/\/egosari.com\/fr\/faq\/\" \/>\n<meta property=\"og:site_name\" content=\"Egosari Restaurante Parte Vieja Donostia\" \/>\n<meta property=\"article:modified_time\" content=\"2025-08-18T14:03:11+00:00\" \/>\n<meta name=\"twitter:card\" content=\"summary_large_image\" \/>\n<meta name=\"twitter:label1\" content=\"Dur\u00e9e de lecture estim\u00e9e\" \/>\n\t<meta name=\"twitter:data1\" content=\"3 minutes\" \/>\n<script type=\"application\/ld+json\" class=\"yoast-schema-graph\">{\"@context\":\"https:\/\/schema.org\",\"@graph\":[{\"@type\":\"WebPage\",\"@id\":\"https:\/\/egosari.com\/fr\/faq\/\",\"url\":\"https:\/\/egosari.com\/fr\/faq\/\",\"name\":\"FAQ - Egosari Restaurante Parte Vieja Donostia\",\"isPartOf\":{\"@id\":\"https:\/\/egosari.com\/fr\/#website\"},\"datePublished\":\"2025-08-07T06:09:46+00:00\",\"dateModified\":\"2025-08-18T14:03:11+00:00\",\"breadcrumb\":{\"@id\":\"https:\/\/egosari.com\/fr\/faq\/#breadcrumb\"},\"inLanguage\":\"fr-FR\",\"potentialAction\":[{\"@type\":\"ReadAction\",\"target\":[\"https:\/\/egosari.com\/fr\/faq\/\"]}]},{\"@type\":\"BreadcrumbList\",\"@id\":\"https:\/\/egosari.com\/fr\/faq\/#breadcrumb\",\"itemListElement\":[{\"@type\":\"ListItem\",\"position\":1,\"name\":\"Portada\",\"item\":\"https:\/\/egosari.com\/fr\/\"},{\"@type\":\"ListItem\",\"position\":2,\"name\":\"FAQ\"}]},{\"@type\":\"WebSite\",\"@id\":\"https:\/\/egosari.com\/fr\/#website\",\"url\":\"https:\/\/egosari.com\/fr\/\",\"name\":\"Egosari Restaurante Parte Vieja Donostia\",\"description\":\"\",\"publisher\":{\"@id\":\"https:\/\/egosari.com\/fr\/#organization\"},\"potentialAction\":[{\"@type\":\"SearchAction\",\"target\":{\"@type\":\"EntryPoint\",\"urlTemplate\":\"https:\/\/egosari.com\/fr\/?s={search_term_string}\"},\"query-input\":{\"@type\":\"PropertyValueSpecification\",\"valueRequired\":true,\"valueName\":\"search_term_string\"}}],\"inLanguage\":\"fr-FR\"},{\"@type\":\"Organization\",\"@id\":\"https:\/\/egosari.com\/fr\/#organization\",\"name\":\"Egosari Restaurante Parte Vieja Donostia\",\"url\":\"https:\/\/egosari.com\/fr\/\",\"logo\":{\"@type\":\"ImageObject\",\"inLanguage\":\"fr-FR\",\"@id\":\"https:\/\/egosari.com\/fr\/#\/schema\/logo\/image\/\",\"url\":\"https:\/\/egosari.com\/wp-content\/uploads\/2025\/08\/cropped-EGOSARI-LOGO-scaled-1.png\",\"contentUrl\":\"https:\/\/egosari.com\/wp-content\/uploads\/2025\/08\/cropped-EGOSARI-LOGO-scaled-1.png\",\"width\":2557,\"height\":852,\"caption\":\"Egosari Restaurante Parte Vieja Donostia\"},\"image\":{\"@id\":\"https:\/\/egosari.com\/fr\/#\/schema\/logo\/image\/\"}}]}<\/script>\n<!-- \/ Yoast SEO plugin. -->","yoast_head_json":{"title":"FAQ - Egosari Restaurante Parte Vieja Donostia","robots":{"index":"index","follow":"follow","max-snippet":"max-snippet:-1","max-image-preview":"max-image-preview:large","max-video-preview":"max-video-preview:-1"},"canonical":"https:\/\/egosari.com\/fr\/faq\/","og_locale":"fr_FR","og_type":"article","og_title":"FAQ - Egosari Restaurante Parte Vieja Donostia","og_description":"Questions fr\u00e9quentes QUEL EST LE MENU\/LA CARTE QUE VOUS PROPOSEZ ? Nous \u00e9laborons une cuisine basque traditionnelle avec les poissons, [&hellip;]","og_url":"https:\/\/egosari.com\/fr\/faq\/","og_site_name":"Egosari Restaurante Parte Vieja Donostia","article_modified_time":"2025-08-18T14:03:11+00:00","twitter_card":"summary_large_image","twitter_misc":{"Dur\u00e9e de lecture estim\u00e9e":"3 minutes"},"schema":{"@context":"https:\/\/schema.org","@graph":[{"@type":"WebPage","@id":"https:\/\/egosari.com\/fr\/faq\/","url":"https:\/\/egosari.com\/fr\/faq\/","name":"FAQ - Egosari Restaurante Parte Vieja Donostia","isPartOf":{"@id":"https:\/\/egosari.com\/fr\/#website"},"datePublished":"2025-08-07T06:09:46+00:00","dateModified":"2025-08-18T14:03:11+00:00","breadcrumb":{"@id":"https:\/\/egosari.com\/fr\/faq\/#breadcrumb"},"inLanguage":"fr-FR","potentialAction":[{"@type":"ReadAction","target":["https:\/\/egosari.com\/fr\/faq\/"]}]},{"@type":"BreadcrumbList","@id":"https:\/\/egosari.com\/fr\/faq\/#breadcrumb","itemListElement":[{"@type":"ListItem","position":1,"name":"Portada","item":"https:\/\/egosari.com\/fr\/"},{"@type":"ListItem","position":2,"name":"FAQ"}]},{"@type":"WebSite","@id":"https:\/\/egosari.com\/fr\/#website","url":"https:\/\/egosari.com\/fr\/","name":"Egosari Restaurante Parte Vieja Donostia","description":"","publisher":{"@id":"https:\/\/egosari.com\/fr\/#organization"},"potentialAction":[{"@type":"SearchAction","target":{"@type":"EntryPoint","urlTemplate":"https:\/\/egosari.com\/fr\/?s={search_term_string}"},"query-input":{"@type":"PropertyValueSpecification","valueRequired":true,"valueName":"search_term_string"}}],"inLanguage":"fr-FR"},{"@type":"Organization","@id":"https:\/\/egosari.com\/fr\/#organization","name":"Egosari Restaurante Parte Vieja Donostia","url":"https:\/\/egosari.com\/fr\/","logo":{"@type":"ImageObject","inLanguage":"fr-FR","@id":"https:\/\/egosari.com\/fr\/#\/schema\/logo\/image\/","url":"https:\/\/egosari.com\/wp-content\/uploads\/2025\/08\/cropped-EGOSARI-LOGO-scaled-1.png","contentUrl":"https:\/\/egosari.com\/wp-content\/uploads\/2025\/08\/cropped-EGOSARI-LOGO-scaled-1.png","width":2557,"height":852,"caption":"Egosari Restaurante Parte Vieja Donostia"},"image":{"@id":"https:\/\/egosari.com\/fr\/#\/schema\/logo\/image\/"}}]}},"_links":{"self":[{"href":"https:\/\/egosari.com\/fr\/wp-json\/wp\/v2\/pages\/156","targetHints":{"allow":["GET"]}}],"collection":[{"href":"https:\/\/egosari.com\/fr\/wp-json\/wp\/v2\/pages"}],"about":[{"href":"https:\/\/egosari.com\/fr\/wp-json\/wp\/v2\/types\/page"}],"author":[{"embeddable":true,"href":"https:\/\/egosari.com\/fr\/wp-json\/wp\/v2\/users\/1"}],"replies":[{"embeddable":true,"href":"https:\/\/egosari.com\/fr\/wp-json\/wp\/v2\/comments?post=156"}],"version-history":[{"count":1,"href":"https:\/\/egosari.com\/fr\/wp-json\/wp\/v2\/pages\/156\/revisions"}],"predecessor-version":[{"id":157,"href":"https:\/\/egosari.com\/fr\/wp-json\/wp\/v2\/pages\/156\/revisions\/157"}],"wp:attachment":[{"href":"https:\/\/egosari.com\/fr\/wp-json\/wp\/v2\/media?parent=156"}],"curies":[{"name":"wp","href":"https:\/\/api.w.org\/{rel}","templated":true}]}}